{"id":1266,"date":"2022-01-04T00:53:11","date_gmt":"2022-01-03T23:53:11","guid":{"rendered":"http:\/\/sorayajimenez.com\/?page_id=1266"},"modified":"2022-01-04T01:28:27","modified_gmt":"2022-01-04T00:28:27","slug":"las-llaves-de-la-felicidad","status":"publish","type":"page","link":"https:\/\/sorayajimenez.com\/index.php\/las-llaves-de-la-felicidad\/","title":{"rendered":"\u00abLAS LLAVES DE LA FELICIDAD\u00bb"},"content":{"rendered":"\n<p>En una oscura y oculta dimensi\u00f3n del Universo se encontraban reunidos todos los grandes dioses de la antig\u00fcedad dispuestos a gastarle una gran broma al ser humano.<\/p>\n\n\n\n<p>En realidad, era la broma m\u00e1s importante de la vida sobre la Tierra.<\/p>\n\n\n\n<p>Para llevar a cabo la gran broma, antes que nada, determinaron cu\u00e1l ser\u00eda el lugar que a los seres humanos les costar\u00eda m\u00e1s llegar.<\/p>\n\n\n\n<p>Una vez averiguado, depositar\u00edan all\u00ed las llaves de la felicidad.<\/p>\n\n\n\n<p>&#8211; Las esconderemos en las profundidades de los oc\u00e9anos -dec\u00eda uno de ellos-.<\/p>\n\n\n\n<p>&#8211; Ni hablar -advirti\u00f3 otro-. El ser humano avanzar\u00e1 en sus ingenios cient\u00edficos y ser\u00e1 capaz de encontrarlas sin problema.<\/p>\n\n\n\n<p>&#8211; Podr\u00edamos esconderlas en el m\u00e1s profundo de los volcanes -dijo otro de los presentes-<\/p>\n\n\n\n<p>&#8211; No -replic\u00f3 otro-. Igual que ser\u00eda capaz de dominar las aguas, tambi\u00e9n ser\u00eda capaz de dominar el fuego y las monta\u00f1as.<\/p>\n\n\n\n<p>&#8211; \u00bfY por qu\u00e9 no bajo las rocas m\u00e1s profundas y s\u00f3lidas de la tierra? -dijo otro-.<\/p>\n\n\n\n<p>&#8211; De ninguna manera -replic\u00f3 un compa\u00f1ero-. No pasar\u00e1n unos cuantos miles de a\u00f1os que el hombre podr\u00e1 sondear los subsuelos y extraer todas las piedras y metales preciosos que desee.<\/p>\n\n\n\n<p>&#8211; \u00a1Ya lo tengo! -dijo uno que hasta entonces no hab\u00eda dicho nada-. Esconderemos las llaves en las nubes m\u00e1s altas del cielo.<\/p>\n\n\n\n<p>&#8211; Tonter\u00edas -replic\u00f3 otro de los presentes-. Todos sabemos que los humanos no tardar\u00e1n mucho en volar. Al poco tiempo encontrar\u00edan las llaves de la Felicidad.<\/p>\n\n\n\n<p>Un gran silencio se hizo en aquella reuni\u00f3n de dioses. Uno de los que destacaba por ser el m\u00e1s ingenioso, dijo con alegr\u00eda y solemnidad: <\/p>\n\n\n\n<p>&#8211; Esconderemos las llaves de la Felicidad en un lugar en que el hombre, por m\u00e1s que busque, tardar\u00e1 mucho, mucho tiempo de suponer o imaginar\u2026<\/p>\n\n\n\n<p>&#8211; \u00bfD\u00f3nde?, \u00bfd\u00f3nde?, \u00bfd\u00f3nde? -preguntaban con insistencia y ansiosa curiosidad los que conoc\u00edan la brillantez y lucidez de aquel dios-.<\/p>\n\n\n\n<p>&#8211; El lugar del Universo que el hombre tardar\u00e1 m\u00e1s en mirar y en consecuencia tardar\u00e1 m\u00e1s en encontrar es: en el interior de su coraz\u00f3n.<\/p>\n\n\n\n<p>Todos estuvieron de acuerdo. Concluy\u00f3 la reuni\u00f3n de dioses:<\/p>\n\n\n\n<p class=\"has-text-align-center has-text-color has-medium-font-size\" style=\"color:#00abc2\">\u201c<strong>Las llaves de la Felicidad se esconder\u00edan dentro del coraz\u00f3n de cada hombre\u201d.<\/strong><\/p>\n\n\n\n<figure class=\"wp-block-image size-large is-resized is-style-rounded\"><img loading=\"lazy\" src=\"http:\/\/sorayajimenez.com\/wp-content\/uploads\/2022\/01\/heart-gc1331d631_1920-1024x683.jpg\" alt=\"\" class=\"wp-image-1278\" width=\"494\" height=\"329\" srcset=\"https:\/\/sorayajimenez.com\/wp-content\/uploads\/2022\/01\/heart-gc1331d631_1920-1024x683.jpg 1024w, https:\/\/sorayajimenez.com\/wp-content\/uploads\/2022\/01\/heart-gc1331d631_1920-300x200.jpg 300w, https:\/\/sorayajimenez.com\/wp-content\/uploads\/2022\/01\/heart-gc1331d631_1920-768x512.jpg 768w, https:\/\/sorayajimenez.com\/wp-content\/uploads\/2022\/01\/heart-gc1331d631_1920-1536x1025.jpg 1536w, https:\/\/sorayajimenez.com\/wp-content\/uploads\/2022\/01\/heart-gc1331d631_1920.jpg 1920w\" sizes=\"(max-width: 494px) 100vw, 494px\" \/><\/figure>\n\n\n\n<p class=\"has-text-align-center has-text-color has-medium-font-size\" style=\"color:#00abc2\"><em><strong>CUENTO SUFI<\/strong><\/em><\/p>\n","protected":false},"excerpt":{"rendered":"<p>En una oscura y oculta dimensi\u00f3n del Universo se encontraban reunidos todos los grandes dioses de la antig\u00fcedad dispuestos a gastarle una gran broma al ser humano. En realidad, era &#8230;<\/p>\n","protected":false},"author":1,"featured_media":0,"parent":0,"menu_order":0,"comment_status":"closed","ping_status":"closed","template":"","meta":[],"_links":{"self":[{"href":"https:\/\/sorayajimenez.com\/index.php\/wp-json\/wp\/v2\/pages\/1266"}],"collection":[{"href":"https:\/\/sorayajimenez.com\/index.php\/wp-json\/wp\/v2\/pages"}],"about":[{"href":"https:\/\/sorayajimenez.com\/index.php\/wp-json\/wp\/v2\/types\/page"}],"author":[{"embeddable":true,"href":"https:\/\/sorayajimenez.com\/index.php\/wp-json\/wp\/v2\/users\/1"}],"replies":[{"embeddable":true,"href":"https:\/\/sorayajimenez.com\/index.php\/wp-json\/wp\/v2\/comments?post=1266"}],"version-history":[{"count":8,"href":"https:\/\/sorayajimenez.com\/index.php\/wp-json\/wp\/v2\/pages\/1266\/revisions"}],"predecessor-version":[{"id":1284,"href":"https:\/\/sorayajimenez.com\/index.php\/wp-json\/wp\/v2\/pages\/1266\/revisions\/1284"}],"wp:attachment":[{"href":"https:\/\/sorayajimenez.com\/index.php\/wp-json\/wp\/v2\/media?parent=1266"}],"curies":[{"name":"wp","href":"https:\/\/api.w.org\/{rel}","templated":true}]}}