{"id":43,"date":"2020-01-20T22:59:32","date_gmt":"2020-01-20T21:59:32","guid":{"rendered":"http:\/\/sorayajimenez.com\/?page_id=43"},"modified":"2022-02-24T14:23:54","modified_gmt":"2022-02-24T13:23:54","slug":"pagina-en-desarrollo","status":"publish","type":"page","link":"https:\/\/sorayajimenez.com\/","title":{"rendered":"Inicio"},"content":{"rendered":"\n<p class=\"has-text-align-center has-normal-font-size\"><img loading=\"lazy\" width=\"1129\" height=\"468\" class=\"wp-image-568\" style=\"width: 1400px;\" src=\"http:\/\/sorayajimenez.com\/wp-content\/uploads\/2020\/04\/Portada-v3.jpg\" alt=\"\" srcset=\"https:\/\/sorayajimenez.com\/wp-content\/uploads\/2020\/04\/Portada-v3.jpg 1129w, https:\/\/sorayajimenez.com\/wp-content\/uploads\/2020\/04\/Portada-v3-300x124.jpg 300w, https:\/\/sorayajimenez.com\/wp-content\/uploads\/2020\/04\/Portada-v3-1024x424.jpg 1024w, https:\/\/sorayajimenez.com\/wp-content\/uploads\/2020\/04\/Portada-v3-768x318.jpg 768w\" sizes=\"(max-width: 1129px) 100vw, 1129px\" \/><\/p>\n\n\n\n<p><\/p>\n\n\n\n<p><\/p>\n\n\n\n<p class=\"has-text-color\" style=\"color:#ffffff\">WWWW<\/p>\n\n\n\n<p><\/p>\n\n\n\n<p><em> <\/em> <\/p>\n\n\n\n<p class=\"has-text-align-center has-text-color\" style=\"font-size:34px;color:#00abc2\"><strong>ACOMPA\u00d1AMIENTO TERAP\u00c9UTICO<\/strong><\/p>\n\n\n\n<p class=\"has-text-align-center\" style=\"font-size:22px\"><strong>AUTOCONOCIMIENTO, <strong>AUTODESCUBRIMIENTO<\/strong> Y AUTOREALIZACI\u00d3N<\/strong><\/p>\n\n\n\n<p class=\"has-white-color has-text-color\">1111<\/p>\n\n\n\n<figure class=\"wp-block-pullquote is-style-default\"><blockquote><p><strong><em>\u00abEL<\/em><\/strong> <em><strong>PEOR DE LOS MALES QUE LE PUEDE SUCEDER AL HOMBRE<\/strong><\/em><\/p><p><em><strong>ES QUE LLEGUE A PENSAR MAL DE S\u00cd MISMO\u00bb <\/strong><\/em><\/p><cite><em>GOETHE<\/em><\/cite><\/blockquote><\/figure>\n\n\n\n<div class=\"wp-block-group\"><div class=\"wp-block-group__inner-container\">\n<div class=\"wp-block-group\"><div class=\"wp-block-group__inner-container\">\n<div class=\"wp-block-group\"><div class=\"wp-block-group__inner-container\">\n<p class=\"has-text-align-center has-text-color has-normal-font-size\" style=\"color:#00abc2\"><strong>AUTOESTIMA<\/strong><\/p>\n\n\n\n<div class=\"wp-block-group\"><div class=\"wp-block-group__inner-container\">\n<p class=\"has-text-align-center\">\u00bfQU\u00c9 OPINI\u00d3N TIENES DE TI? \u00bfTE AMAS Y ACEPTAS TAL CUAL ERES?<br>\u00bfTE CUESTA PONER L\u00cdMITES? \u00bfTE RESPETAS?<br>\u00bfTE SIENTES VALIOSO? \u00bfTE PERCIBES INSUFICIENTE?<br>\u00bfSIENTES INSEGURIDAD? \u00bfTIENES SENTIMIENTO DE INFERIORIDAD?<br>\u00bfSIENTES QUE NO IMPORTAS? \u00bfSIENTES FALTA DE MERECIMIENTO?<br>                 \u00bfTIENES DIFICULTAD EN CONTACTAR CON TUS PROPIAS NECESIDADES?                          \u00bfTE CUESTA TOMAR DECISIONES?<\/p>\n<\/div><\/div>\n\n\n\n<hr class=\"wp-block-separator\"\/>\n\n\n\n<p class=\"has-text-align-center has-text-color has-normal-font-size\" style=\"color:#00abc2\"><strong>GESTI\u00d3N DE LAS EMOCIONES<\/strong><\/p>\n\n\n\n<p class=\"has-text-align-center\">\u00bfSIENTES ALTOS Y BAJOS EMOCIONALES?<br>\u00bfSIENTES TRISTEZA Y NO CONOCES EL ORIGEN?<br>\u00bfTE CUESTA CONTROLAR O CONTACTAR CON LA RABIA?<br>\u00bfTIENES SENTIMIENTOS DE VERG\u00dcENZA QUE TE LIMITAN?<br>\u00bfTE SIENTES DESCONECTADO DE LA ALEGR\u00cdA?<br>\u00bfSIENTES CULPA, CELOS O ENVIDIA?<\/p>\n\n\n\n<hr class=\"wp-block-separator\"\/>\n\n\n\n<p class=\"has-text-align-center has-text-color has-normal-font-size\" style=\"color:#00abc2\"><strong><strong>ESTR\u00c9S Y ANSIEDAD<\/strong><\/strong> <\/p>\n\n\n\n<p class=\"has-text-align-center\">\u00bfTIENES ESTR\u00c9S Y TE CUESTA LIBERARLO?<br>\u00bfTU MENTE VA A MIL Y NO PUEDES PARARLA?<br>\u00bfTIENES PENSAMIENTOS REPETITIVOS?<br>\u00bfVIVES ANTICIP\u00c1NDOTE AL FUTURO?<br>\u00bfSIENTES MIEDOS QUE TE PARALIZAN?<br>\u00bfTIENES TENSI\u00d3N CORPORAL? <\/p>\n\n\n\n<hr class=\"wp-block-separator\"\/>\n\n\n\n<p><\/p>\n\n\n\n<p class=\"has-text-align-center has-text-color has-normal-font-size\" style=\"color:#00abc2\"><strong><strong>DEPENDENCIA EMOCIONAL<\/strong><\/strong><\/p>\n\n\n\n<p class=\"has-text-align-center\">\u00bfBUSCAS LA FELICIDAD EN TU PAREJA O AMISTADES?<br>\u00bfCUANDO TE ENAMORAS TE OLVIDAS DE TI, DE TU VIDA, DE TUS INTERESES Y\/O AFICIONES?<br>\u00bfCOMPLACES CONSTANTEMENTE Y NO SUELES SENTIRTE CORRESPONDIDO?<br>\u00bfTE PERCIBES CON APEGO ANSIOSO EN TUS RELACIONES? \u00bfTE CUESTA PONER FIN A UNA RELACI\u00d3N A\u00daN SIENDO T\u00d3XICA?<br>\u00bfSIENTES INCAPACIDAD DE SALIR DEL N\u00daCLEO FAMILIAR PARA ABRIRTE A VIVIR TU PROPIA VIDA?<br>\u00bfTE PERCIBES MENDIGANDO AMOR? \u00bfCONTROLAS A TU PAREJA?<\/p>\n\n\n\n<hr class=\"wp-block-separator\"\/>\n\n\n\n<p class=\"has-text-align-center has-text-color has-normal-font-size\" style=\"color:#00abc2\"><strong><strong>PROCESOS DE CAMBIO, RUPTURA Y CRISIS VITALE<\/strong>S<\/strong><\/p>\n\n\n\n<p class=\"has-text-align-center\" id=\"block-0f0fa8d9-2352-4242-b166-67522b6e85d8\">\u00bfTE GUSTAR\u00cdA HACER UN CAMBIO EN TU VIDA PERO TE ATERRA HACERLO?<br>\u00bfTE ASUSTA ABRIRTE A LO NUEVO Y ADENTRARTE EN LA INCERTIDUMBRE?<br>\u00bfTE CUESTA SUPERAR UNA RUPTURA SENTIMENTAL O UNA P\u00c9RDIDA DE UN SER QUERIDO?<br>\u00bfSIENTES NECESIDAD DE ENCONTRAR UN SENTIDO A TU VIDA?<br>\u00bfSIENTES QUE EST\u00c1S ATRAVESANDO UNA CRISIS VITAL Y NECESITAS AYUDA? <\/p>\n\n\n\n<hr class=\"wp-block-separator\"\/>\n\n\n\n<p><\/p>\n<\/div><\/div>\n\n\n\n<p><\/p>\n<\/div><\/div>\n\n\n\n<p><\/p>\n<\/div><\/div>\n\n\n\n<p><\/p>\n\n\n\n<p class=\"has-text-align-center\"><img loading=\"lazy\" width=\"865\" height=\"73\" class=\"wp-image-265\" style=\"width: 600px;\" src=\"http:\/\/sorayajimenez.com\/wp-content\/uploads\/2020\/02\/frase.jpg\" alt=\"\" srcset=\"https:\/\/sorayajimenez.com\/wp-content\/uploads\/2020\/02\/frase.jpg 865w, https:\/\/sorayajimenez.com\/wp-content\/uploads\/2020\/02\/frase-300x25.jpg 300w, https:\/\/sorayajimenez.com\/wp-content\/uploads\/2020\/02\/frase-768x65.jpg 768w\" sizes=\"(max-width: 865px) 100vw, 865px\" \/><\/p>\n\n\n\n<div style=\"height:26px\" aria-hidden=\"true\" class=\"wp-block-spacer\"><\/div>\n\n\n\n<p class=\"has-text-align-center\" style=\"font-size:28px\">\u00abLa llave que abre las puertas de tu armon\u00eda y plenitud est\u00e1 dentro de ti esperando ser encontrada\u201d <\/p>\n\n\n\n<p class=\"has-text-align-center\">\u00abClica en la llave\u00bb<\/p>\n\n\n\n<div class=\"wp-block-image is-style-rounded\"><figure class=\"aligncenter size-medium is-resized\"><a href=\"http:\/\/sorayajimenez.com\/?page_id=1266&amp;preview=true\" target=\"_blank\" rel=\"noopener noreferrer\"><img loading=\"lazy\" src=\"http:\/\/sorayajimenez.com\/wp-content\/uploads\/2020\/12\/key-2471016_1920.jpg-1920\u00d71421-300x222.jpg\" alt=\"\" class=\"wp-image-759\" width=\"271\" height=\"193\"\/><\/a><\/figure><\/div>\n\n\n\n<div class=\"wp-block-buttons aligncenter\">\n<div class=\"wp-block-button is-style-outline\"><a class=\"wp-block-button__link has-white-color has-text-color has-background\" href=\"http:\/\/sorayajimenez.com\/index.php\/contacto\/\" style=\"background-color:#00abc2\" target=\"_blank\" rel=\"noreferrer noopener\">RESERVA UNA SESI\u00d3N<\/a><\/div>\n<\/div>\n\n\n\n<p class=\"has-white-color has-text-color\">111111<\/p>\n\n\n\n<figure class=\"wp-block-image size-large is-resized is-style-rounded\"><img loading=\"lazy\" src=\"http:\/\/sorayajimenez.com\/wp-content\/uploads\/2022\/02\/2022.png\" alt=\"\" class=\"wp-image-1352\" width=\"398\" height=\"129\" srcset=\"https:\/\/sorayajimenez.com\/wp-content\/uploads\/2022\/02\/2022.png 341w, https:\/\/sorayajimenez.com\/wp-content\/uploads\/2022\/02\/2022-300x97.png 300w\" sizes=\"(max-width: 398px) 100vw, 398px\" \/><\/figure>\n\n\n\n<p><\/p>\n","protected":false},"excerpt":{"rendered":"<p>WWWW ACOMPA\u00d1AMIENTO TERAP\u00c9UTICO AUTOCONOCIMIENTO, AUTODESCUBRIMIENTO Y AUTOREALIZACI\u00d3N 1111 \u00abEL PEOR DE LOS MALES QUE LE PUEDE SUCEDER AL HOMBRE ES QUE LLEGUE A PENSAR MAL DE S\u00cd MISMO\u00bb GOETHE \u00abLa &#8230;<\/p>\n","protected":false},"author":1,"featured_media":0,"parent":0,"menu_order":0,"comment_status":"closed","ping_status":"closed","template":"template-fullwidth-stretched.php","meta":[],"_links":{"self":[{"href":"https:\/\/sorayajimenez.com\/index.php\/wp-json\/wp\/v2\/pages\/43"}],"collection":[{"href":"https:\/\/sorayajimenez.com\/index.php\/wp-json\/wp\/v2\/pages"}],"about":[{"href":"https:\/\/sorayajimenez.com\/index.php\/wp-json\/wp\/v2\/types\/page"}],"author":[{"embeddable":true,"href":"https:\/\/sorayajimenez.com\/index.php\/wp-json\/wp\/v2\/users\/1"}],"replies":[{"embeddable":true,"href":"https:\/\/sorayajimenez.com\/index.php\/wp-json\/wp\/v2\/comments?post=43"}],"version-history":[{"count":152,"href":"https:\/\/sorayajimenez.com\/index.php\/wp-json\/wp\/v2\/pages\/43\/revisions"}],"predecessor-version":[{"id":1367,"href":"https:\/\/sorayajimenez.com\/index.php\/wp-json\/wp\/v2\/pages\/43\/revisions\/1367"}],"wp:attachment":[{"href":"https:\/\/sorayajimenez.com\/index.php\/wp-json\/wp\/v2\/media?parent=43"}],"curies":[{"name":"wp","href":"https:\/\/api.w.org\/{rel}","templated":true}]}}